{"id":1700,"date":"2024-06-25T13:47:18","date_gmt":"2024-06-25T11:47:18","guid":{"rendered":"https:\/\/test3.mailmarket.fr\/?page_id=1700"},"modified":"2024-06-28T17:57:18","modified_gmt":"2024-06-28T15:57:18","slug":"politique-de-protection-des-donnees","status":"publish","type":"page","link":"https:\/\/vosenjeuxetvous.fr\/index.php\/politique-de-protection-des-donnees\/","title":{"rendered":"Politique de protection des donn\u00e9es"},"content":{"rendered":"\t\t<div data-elementor-type=\"wp-page\" data-elementor-id=\"1700\" class=\"elementor elementor-1700\">\n\t\t\t\t<div class=\"elementor-element elementor-element-a422219 e-flex e-con-boxed e-con e-parent\" data-id=\"a422219\" data-element_type=\"container\" data-settings=\"{&quot;background_background&quot;:&quot;classic&quot;}\">\n\t\t\t\t\t<div class=\"e-con-inner\">\n\t\t<div class=\"elementor-element elementor-element-2f2550f e-flex e-con-boxed e-con e-child\" data-id=\"2f2550f\" data-element_type=\"container\">\n\t\t\t\t\t<div class=\"e-con-inner\">\n\t\t\t\t<div class=\"elementor-element elementor-element-abbf344 elementor-widget__width-initial elementor-widget elementor-widget-heading\" data-id=\"abbf344\" data-element_type=\"widget\" data-widget_type=\"heading.default\">\n\t\t\t\t<div class=\"elementor-widget-container\">\n\t\t\t<style>\/*! elementor - v3.21.0 - 26-05-2024 *\/\n.elementor-heading-title{padding:0;margin:0;line-height:1}.elementor-widget-heading .elementor-heading-title[class*=elementor-size-]>a{color:inherit;font-size:inherit;line-height:inherit}.elementor-widget-heading .elementor-heading-title.elementor-size-small{font-size:15px}.elementor-widget-heading .elementor-heading-title.elementor-size-medium{font-size:19px}.elementor-widget-heading .elementor-heading-title.elementor-size-large{font-size:29px}.elementor-widget-heading .elementor-heading-title.elementor-size-xl{font-size:39px}.elementor-widget-heading .elementor-heading-title.elementor-size-xxl{font-size:59px}<\/style><h2 class=\"elementor-heading-title elementor-size-default\">Politique de protection des donn\u00e9es<\/h2>\t\t<\/div>\n\t\t\t\t<\/div>\n\t\t\t\t<div class=\"elementor-element elementor-element-f67a158 elementor-widget__width-initial elementor-widget elementor-widget-text-editor\" data-id=\"f67a158\" data-element_type=\"widget\" data-widget_type=\"text-editor.default\">\n\t\t\t\t<div class=\"elementor-widget-container\">\n\t\t\t<style>\/*! elementor - v3.21.0 - 26-05-2024 *\/\n.elementor-widget-text-editor.elementor-drop-cap-view-stacked .elementor-drop-cap{background-color:#69727d;color:#fff}.elementor-widget-text-editor.elementor-drop-cap-view-framed .elementor-drop-cap{color:#69727d;border:3px solid;background-color:transparent}.elementor-widget-text-editor:not(.elementor-drop-cap-view-default) .elementor-drop-cap{margin-top:8px}.elementor-widget-text-editor:not(.elementor-drop-cap-view-default) .elementor-drop-cap-letter{width:1em;height:1em}.elementor-widget-text-editor .elementor-drop-cap{float:left;text-align:center;line-height:1;font-size:50px}.elementor-widget-text-editor .elementor-drop-cap-letter{display:inline-block}<\/style>\t\t\t\t<p><strong><em>Version mise \u00e0 jour le 17 octobre 2022<\/em><\/strong><\/p>\t\t\t\t\t\t<\/div>\n\t\t\t\t<\/div>\n\t\t\t\t\t<\/div>\n\t\t\t\t<\/div>\n\t\t\t\t\t<\/div>\n\t\t\t\t<\/div>\n\t\t<div class=\"elementor-element elementor-element-81ff6c5 e-flex e-con-boxed e-con e-parent\" data-id=\"81ff6c5\" data-element_type=\"container\">\n\t\t\t\t\t<div class=\"e-con-inner\">\n\t\t\t\t<div class=\"elementor-element elementor-element-9a04267 elementor-widget elementor-widget-text-editor\" data-id=\"9a04267\" data-element_type=\"widget\" data-widget_type=\"text-editor.default\">\n\t\t\t\t<div class=\"elementor-widget-container\">\n\t\t\t\t\t\t\t<p>Nous accordons une importance capitale \u00e0 la protection de vos donn\u00e9es personnelles et de votre vie priv\u00e9e. Fort de la confiance que vous nous portez, nous vous invitons \u00e0 poursuivre votre lecture pour en apprendre davantage sur la mani\u00e8re dont nous traitons vos donn\u00e9es et exercer vos droits.<\/p><p><strong>1. QUI SOMMES-NOUS ?<\/strong><\/p><p>D-Codes est une soci\u00e9t\u00e9 par actions simplifi\u00e9e dont le si\u00e8ge social est sis 30 rue d\u2019Orl\u00e9ans, 92200 \u2013 Neuilly-sur-Seine, au capital de 3\u00a0080\u00a0000 euros, immatricul\u00e9e au Registre du Commerce et des Soci\u00e9t\u00e9s de Nanterre sous le n\u00b0 841\u00a0343 353.<\/p><p>D-Codes est responsable de l\u2019ensemble des traitements mis en \u0153uvre dans le cadre de la base de donn\u00e9es qu\u2019elle exploite.<\/p><p><strong>2. QUELLES DONN\u00c9ES COLLECTONS-NOUS ET QUE FAISONS-NOUS DE VOS DONN\u00c9ES ?<\/strong><\/p><p>Nous avons constitu\u00e9 une base de donn\u00e9es comprenant diverses informations comme votre nom, votre pr\u00e9nom, votre adresse \u00e9lectronique et postale ainsi que votre num\u00e9ro de t\u00e9l\u00e9phone (<em>int\u00e9r\u00eat l\u00e9gitime<\/em>)<em>.<\/em><\/p><p>Ces informations nous ont \u00e9t\u00e9 transmises par nos partenaires issus du secteur de la logistique, du transport de marchandises, des \u00e9tudes et de la collecte des avis de consommateurs.<\/p><p>Nous enrichissons ces donn\u00e9es avec des informations compl\u00e9mentaires, issues de l\u2019INSEE ou d\u2019autres r\u00e9f\u00e9rentiels, afin d\u2019\u00e9tablir un profil susceptible de vous correspondre (<em>int\u00e9r\u00eat l\u00e9gitime<\/em>). Nous croisons les informations dont nous disposons sur vous avec celles d\u2019autres partenaires afin d\u2019identifier les diff\u00e9rents canaux de communication sur lesquels nous pouvons vous solliciter (<em>int\u00e9r\u00eat l\u00e9gitime<\/em>).<\/p><p>Nous pouvons vous inviter \u00e0 participer \u00e0 des enqu\u00eates d\u2019opinions que nous menons pour nos besoins ou ceux de nos clients (<em>int\u00e9r\u00eat l\u00e9gitime<\/em>). Dans le cadre de ces enqu\u00eates, nous proc\u00e9dons \u00e0 l\u2019analyse anonyme de vos r\u00e9ponses afin de r\u00e9diger un rapport d\u2019\u00e9tude (<em>int\u00e9r\u00eat l\u00e9gitime<\/em>). Le r\u00e9sultat de cette \u00e9tude, d\u00e9pourvu de tout \u00e9l\u00e9ment susceptible vous identifier personnellement, peut alors \u00eatre publi\u00e9 ou \u00eatre communiqu\u00e9, le cas \u00e9ch\u00e9ant, \u00e0 notre client.<\/p><p>Nous pouvons \u00e9galement vous pr\u00e9senter nos contenus th\u00e9matiques, l\u2019activit\u00e9 d\u2019un annonceur, un nouveau produit ou service qui pourrait vous int\u00e9resser par t\u00e9l\u00e9phone, voie postale, courriel ou SMS (<em>int\u00e9r\u00eat l\u00e9gitime ou consentement selon le mode de communication<\/em>).<\/p><p>Les annonceurs susceptibles de faire appel \u00e0 nos services sont principalement issus du secteur de la distribution alimentaire et sp\u00e9cialis\u00e9e, de la presse, des m\u00e9dias, de l\u2019automobile, du caritatif, de l\u2019immobilier, de la t\u00e9l\u00e9phonie et de l\u2019Internet, de l\u2019\u00e9nergie, des voyages, des loisirs, des banques, de la finance et des assurances.<\/p><p>Enfin, nous proc\u00e9dons, lorsque vous exercez votre droit de suppression par exemple, \u00e0 l\u2019inscription de vos donn\u00e9es sur une liste \u00ab repoussoir \u00bb afin d\u2019\u00e9viter que celles-ci puissent nous \u00eatre, \u00e0 nouveau, communiqu\u00e9es par l\u2019un de nos partenaires (<em>obligation l\u00e9gale<\/em>).<\/p><p><strong>3. COMMENT PARTAGEONS-NOUS VOS DONN\u00c9ES ?<\/strong><\/p><p>Dans le cadre de notre activit\u00e9, nous partageons certaines de vos donn\u00e9es avec nos prestataires.<\/p><p>En effet, nous faisons appel \u00e0 des prestataires pour assurer, par exemple, l\u2019h\u00e9bergement de nos serveurs et le routage de nos communications.<\/p><p>Ces prestataires agissent en tant que sous-traitants pour notre compte et sous notre contr\u00f4le.<\/p><p>Lorsque nous avons recours \u00e0 des prestataires, nous veillons \u00e0 ce qu\u2019ils pr\u00e9sentent des garanties suffisantes afin de maintenir la s\u00e9curit\u00e9 et la confidentialit\u00e9 de vos donn\u00e9es.<\/p><p><strong>4. COMMENT TRANSF\u00c9RONS-NOUS VOS DONN\u00c9ES EN DEHORS DE L\u2019UNION EUROP\u00c9ENNE ?<\/strong><\/p><p>Nous pouvons \u00eatre amen\u00e9s \u00e0 partager vos donn\u00e9es avec des sous-traitants se situant dans des pays tiers \u00e0 l\u2019Union europ\u00e9enne ne b\u00e9n\u00e9ficiant pas d\u2019une d\u00e9cision d\u2019ad\u00e9quation de la Commission Europ\u00e9enne.<\/p><p>Dans ce cas, nous veillons \u00e0 ce que le transfert repose pr\u00e9alablement sur des garanties appropri\u00e9es, comme\u00a0<a href=\"https:\/\/www.cnil.fr\/fr\/les-clauses-contractuelles-types-de-la-commision-europeenne\">les clauses contractuelles types de la Commission europ\u00e9enne<\/a>, afin d\u2019assurer un niveau de protection suffisant de votre vie priv\u00e9e et de vos donn\u00e9es personnelles.<\/p><p>Dans le cadre du routage de nos communications, nous faisons appel \u00e0 un prestataire \u00e9tabli au Royaume-Uni. Ce pays ne fait plus partie de l\u2019Union europ\u00e9enne mais a \u00e9t\u00e9 reconnu, le 28 juin 2021, comme b\u00e9n\u00e9ficiant d\u2019un niveau de protection substantiellement \u00e9quivalent \u00e0 celui de l\u2019Union europ\u00e9enne.<\/p><p><strong>5. COMMENT PROT\u00c9GEONS-NOUS VOS DONN\u00c9ES ET PENDANT COMBIEN DE TEMPS LES CONSERVONS-NOUS ?<\/strong><\/p><p>Nous prenons toutes les pr\u00e9cautions utiles pour pr\u00e9server la s\u00e9curit\u00e9 de vos donn\u00e9es.<\/p><p>Nous conservons vos donn\u00e9es pendant une dur\u00e9e de 3 ans \u00e0 des fins d\u2019exploitation commerciale.<\/p><p>\u00c0 l\u2019issue de cette p\u00e9riode, nous supprimons d\u00e9finitivement vos donn\u00e9es.<\/p><p><strong>6. QUELS SONT VOS DROITS ET COMMENT LES EXERCER ?<\/strong><\/p><p>Conform\u00e9ment \u00e0 la r\u00e9glementation applicable,\u00a0<a href=\"https:\/\/www.cnil.fr\/fr\/les-droits-pour-maitriser-vos-donnees-personnelles\">vous b\u00e9n\u00e9ficiez d\u2019un droit d\u2019acc\u00e8s, de rectification, de suppression, d\u2019opposition, de limitation de vos donn\u00e9es personnelles<\/a>.<\/p><p>Lorsque le traitement mis en \u0153uvre repose sur votre consentement, vous pouvez retirer votre consentement \u00e0 tout moment. Dans ce cas, la lic\u00e9it\u00e9 des traitements effectu\u00e9s avant ce retrait ne sera pas remise en cause.<\/p><p>Enfin, vous pouvez nous\u00a0<a href=\"https:\/\/www.cnil.fr\/fr\/ce-que-change-la-loi-pour-une-republique-numerique-pour-la-protection-des-donnees-personnelles#:~:text=Le%20nouvel%20article%2040%2D1,d%C3%A9sign%C3%A9e%20pour%20ex%C3%A9cuter%20ces%20directives.\">faire part de vos directives<\/a>\u00a0quant \u00e0 la conservation, l\u2019effacement et la communication de vos donn\u00e9es personnelles dans l\u2019hypoth\u00e8se o\u00f9 vous d\u00e9c\u00e9deriez.<\/p><p>Vous pouvez exercer vos droits par courrier \u00e0 l\u2019adresse suivante\u00a0:<\/p><p>D-Codes<br \/>Direction juridique (DPO)<br \/>30 rue d\u2019Orl\u00e9ans, 92200 \u2013 Neuilly-sur-Seine<\/p><p>Ou par courriel \u00e0 l\u2019adresse \u00e9lectronique suivante : dpo@d-codes.fr<\/p><p>En cas de r\u00e9ponse insatisfaisante de notre part, vous pourrez introduire une r\u00e9clamation aupr\u00e8s de la Commission Nationale de l\u2019Informatique et des Libert\u00e9s (CNIL).<\/p>\t\t\t\t\t\t<\/div>\n\t\t\t\t<\/div>\n\t\t\t\t\t<\/div>\n\t\t\t\t<\/div>\n\t\t\t\t<\/div>\n\t\t","protected":false},"excerpt":{"rendered":"<p>Politique de protection des donn\u00e9es Version mise \u00e0 jour le 17 octobre 2022 Nous accordons une importance capitale \u00e0 la protection de vos donn\u00e9es personnelles et de votre vie priv\u00e9e. Fort de la confiance que vous nous portez, nous vous invitons \u00e0 poursuivre votre lecture pour en apprendre davantage sur la mani\u00e8re dont nous traitons [&hellip;]<\/p>\n","protected":false},"author":1,"featured_media":0,"parent":0,"menu_order":0,"comment_status":"closed","ping_status":"closed","template":"","meta":{"_acf_changed":false,"footnotes":"","_links_to":"","_links_to_target":""},"class_list":["post-1700","page","type-page","status-publish","hentry"],"acf":[],"yoast_head":"<!-- This site is optimized with the Yoast SEO plugin v22.9 - https:\/\/yoast.com\/wordpress\/plugins\/seo\/ -->\n<title>Politique de protection des donn\u00e9es | Vos enjeux et vous<\/title>\n<meta name=\"robots\" content=\"noindex, nofollow\" \/>\n<meta property=\"og:locale\" content=\"fr_FR\" \/>\n<meta property=\"og:type\" content=\"article\" \/>\n<meta property=\"og:title\" content=\"Politique de protection des donn\u00e9es | Vos enjeux et vous\" \/>\n<meta property=\"og:description\" content=\"Politique de protection des donn\u00e9es Version mise \u00e0 jour le 17 octobre 2022 Nous accordons une importance capitale \u00e0 la protection de vos donn\u00e9es personnelles et de votre vie priv\u00e9e. Fort de la confiance que vous nous portez, nous vous invitons \u00e0 poursuivre votre lecture pour en apprendre davantage sur la mani\u00e8re dont nous traitons [&hellip;]\" \/>\n<meta property=\"og:url\" content=\"https:\/\/vosenjeuxetvous.fr\/index.php\/politique-de-protection-des-donnees\/\" \/>\n<meta property=\"og:site_name\" content=\"Vos enjeux et vous\" \/>\n<meta property=\"article:modified_time\" content=\"2024-06-28T15:57:18+00:00\" \/>\n<meta name=\"twitter:card\" content=\"summary_large_image\" \/>\n<meta name=\"twitter:label1\" content=\"Dur\u00e9e de lecture estim\u00e9e\" \/>\n\t<meta name=\"twitter:data1\" content=\"5 minutes\" \/>\n<script type=\"application\/ld+json\" class=\"yoast-schema-graph\">{\"@context\":\"https:\/\/schema.org\",\"@graph\":[{\"@type\":\"WebPage\",\"@id\":\"https:\/\/vosenjeuxetvous.fr\/index.php\/politique-de-protection-des-donnees\/\",\"url\":\"https:\/\/vosenjeuxetvous.fr\/index.php\/politique-de-protection-des-donnees\/\",\"name\":\"Politique de protection des donn\u00e9es | Vos enjeux et vous\",\"isPartOf\":{\"@id\":\"https:\/\/vosenjeuxetvous.fr\/#website\"},\"datePublished\":\"2024-06-25T11:47:18+00:00\",\"dateModified\":\"2024-06-28T15:57:18+00:00\",\"breadcrumb\":{\"@id\":\"https:\/\/vosenjeuxetvous.fr\/index.php\/politique-de-protection-des-donnees\/#breadcrumb\"},\"inLanguage\":\"fr-FR\",\"potentialAction\":[{\"@type\":\"ReadAction\",\"target\":[\"https:\/\/vosenjeuxetvous.fr\/index.php\/politique-de-protection-des-donnees\/\"]}]},{\"@type\":\"BreadcrumbList\",\"@id\":\"https:\/\/vosenjeuxetvous.fr\/index.php\/politique-de-protection-des-donnees\/#breadcrumb\",\"itemListElement\":[{\"@type\":\"ListItem\",\"position\":1,\"name\":\"Accueil\",\"item\":\"https:\/\/vosenjeuxetvous.fr\/\"},{\"@type\":\"ListItem\",\"position\":2,\"name\":\"Politique de protection des donn\u00e9es\"}]},{\"@type\":\"WebSite\",\"@id\":\"https:\/\/vosenjeuxetvous.fr\/#website\",\"url\":\"https:\/\/vosenjeuxetvous.fr\/\",\"name\":\"Vos enjeux et vous\",\"description\":\"Plateforme de suivi et d\u2019analyse des l\u00e9gislatives 2024\",\"publisher\":{\"@id\":\"https:\/\/vosenjeuxetvous.fr\/#organization\"},\"alternateName\":\"Vos enjeux et vous\",\"potentialAction\":[{\"@type\":\"SearchAction\",\"target\":{\"@type\":\"EntryPoint\",\"urlTemplate\":\"https:\/\/vosenjeuxetvous.fr\/?s={search_term_string}\"},\"query-input\":\"required name=search_term_string\"}],\"inLanguage\":\"fr-FR\"},{\"@type\":\"Organization\",\"@id\":\"https:\/\/vosenjeuxetvous.fr\/#organization\",\"name\":\"Vos enjeux et vous\",\"url\":\"https:\/\/vosenjeuxetvous.fr\/\",\"logo\":{\"@type\":\"ImageObject\",\"inLanguage\":\"fr-FR\",\"@id\":\"https:\/\/vosenjeuxetvous.fr\/#\/schema\/logo\/image\/\",\"url\":\"https:\/\/vosenjeuxetvous.fr\/wp-content\/uploads\/2024\/06\/00.D-Codes_VosEjeuxEtVous_Logo.png\",\"contentUrl\":\"https:\/\/vosenjeuxetvous.fr\/wp-content\/uploads\/2024\/06\/00.D-Codes_VosEjeuxEtVous_Logo.png\",\"width\":1597,\"height\":274,\"caption\":\"Vos enjeux et vous\"},\"image\":{\"@id\":\"https:\/\/vosenjeuxetvous.fr\/#\/schema\/logo\/image\/\"}}]}<\/script>\n<!-- \/ Yoast SEO plugin. -->","yoast_head_json":{"title":"Politique de protection des donn\u00e9es | Vos enjeux et vous","robots":{"index":"noindex","follow":"nofollow"},"og_locale":"fr_FR","og_type":"article","og_title":"Politique de protection des donn\u00e9es | Vos enjeux et vous","og_description":"Politique de protection des donn\u00e9es Version mise \u00e0 jour le 17 octobre 2022 Nous accordons une importance capitale \u00e0 la protection de vos donn\u00e9es personnelles et de votre vie priv\u00e9e. Fort de la confiance que vous nous portez, nous vous invitons \u00e0 poursuivre votre lecture pour en apprendre davantage sur la mani\u00e8re dont nous traitons [&hellip;]","og_url":"https:\/\/vosenjeuxetvous.fr\/index.php\/politique-de-protection-des-donnees\/","og_site_name":"Vos enjeux et vous","article_modified_time":"2024-06-28T15:57:18+00:00","twitter_card":"summary_large_image","twitter_misc":{"Dur\u00e9e de lecture estim\u00e9e":"5 minutes"},"schema":{"@context":"https:\/\/schema.org","@graph":[{"@type":"WebPage","@id":"https:\/\/vosenjeuxetvous.fr\/index.php\/politique-de-protection-des-donnees\/","url":"https:\/\/vosenjeuxetvous.fr\/index.php\/politique-de-protection-des-donnees\/","name":"Politique de protection des donn\u00e9es | Vos enjeux et vous","isPartOf":{"@id":"https:\/\/vosenjeuxetvous.fr\/#website"},"datePublished":"2024-06-25T11:47:18+00:00","dateModified":"2024-06-28T15:57:18+00:00","breadcrumb":{"@id":"https:\/\/vosenjeuxetvous.fr\/index.php\/politique-de-protection-des-donnees\/#breadcrumb"},"inLanguage":"fr-FR","potentialAction":[{"@type":"ReadAction","target":["https:\/\/vosenjeuxetvous.fr\/index.php\/politique-de-protection-des-donnees\/"]}]},{"@type":"BreadcrumbList","@id":"https:\/\/vosenjeuxetvous.fr\/index.php\/politique-de-protection-des-donnees\/#breadcrumb","itemListElement":[{"@type":"ListItem","position":1,"name":"Accueil","item":"https:\/\/vosenjeuxetvous.fr\/"},{"@type":"ListItem","position":2,"name":"Politique de protection des donn\u00e9es"}]},{"@type":"WebSite","@id":"https:\/\/vosenjeuxetvous.fr\/#website","url":"https:\/\/vosenjeuxetvous.fr\/","name":"Vos enjeux et vous","description":"Plateforme de suivi et d\u2019analyse des l\u00e9gislatives 2024","publisher":{"@id":"https:\/\/vosenjeuxetvous.fr\/#organization"},"alternateName":"Vos enjeux et vous","potentialAction":[{"@type":"SearchAction","target":{"@type":"EntryPoint","urlTemplate":"https:\/\/vosenjeuxetvous.fr\/?s={search_term_string}"},"query-input":"required name=search_term_string"}],"inLanguage":"fr-FR"},{"@type":"Organization","@id":"https:\/\/vosenjeuxetvous.fr\/#organization","name":"Vos enjeux et vous","url":"https:\/\/vosenjeuxetvous.fr\/","logo":{"@type":"ImageObject","inLanguage":"fr-FR","@id":"https:\/\/vosenjeuxetvous.fr\/#\/schema\/logo\/image\/","url":"https:\/\/vosenjeuxetvous.fr\/wp-content\/uploads\/2024\/06\/00.D-Codes_VosEjeuxEtVous_Logo.png","contentUrl":"https:\/\/vosenjeuxetvous.fr\/wp-content\/uploads\/2024\/06\/00.D-Codes_VosEjeuxEtVous_Logo.png","width":1597,"height":274,"caption":"Vos enjeux et vous"},"image":{"@id":"https:\/\/vosenjeuxetvous.fr\/#\/schema\/logo\/image\/"}}]}},"_links":{"self":[{"href":"https:\/\/vosenjeuxetvous.fr\/index.php\/wp-json\/wp\/v2\/pages\/1700","targetHints":{"allow":["GET"]}}],"collection":[{"href":"https:\/\/vosenjeuxetvous.fr\/index.php\/wp-json\/wp\/v2\/pages"}],"about":[{"href":"https:\/\/vosenjeuxetvous.fr\/index.php\/wp-json\/wp\/v2\/types\/page"}],"author":[{"embeddable":true,"href":"https:\/\/vosenjeuxetvous.fr\/index.php\/wp-json\/wp\/v2\/users\/1"}],"replies":[{"embeddable":true,"href":"https:\/\/vosenjeuxetvous.fr\/index.php\/wp-json\/wp\/v2\/comments?post=1700"}],"version-history":[{"count":9,"href":"https:\/\/vosenjeuxetvous.fr\/index.php\/wp-json\/wp\/v2\/pages\/1700\/revisions"}],"predecessor-version":[{"id":1744,"href":"https:\/\/vosenjeuxetvous.fr\/index.php\/wp-json\/wp\/v2\/pages\/1700\/revisions\/1744"}],"wp:attachment":[{"href":"https:\/\/vosenjeuxetvous.fr\/index.php\/wp-json\/wp\/v2\/media?parent=1700"}],"curies":[{"name":"wp","href":"https:\/\/api.w.org\/{rel}","templated":true}]}}